{"id":100,"date":"2020-12-01T13:58:43","date_gmt":"2020-12-01T12:58:43","guid":{"rendered":"http:\/\/www.e2lcoaching.com\/?page_id=100"},"modified":"2021-02-05T17:03:36","modified_gmt":"2021-02-05T16:03:36","slug":"tarifs","status":"publish","type":"page","link":"https:\/\/www.e2lcoaching.com\/index.php\/tarifs\/","title":{"rendered":"Tarifs"},"content":{"rendered":"\n<p class=\"has-text-align-center\" style=\"font-size:30px\"><span class=\"has-inline-color has-luminous-vivid-orange-color\"><strong>LA PREMI\u00c8RE S\u00c9ANCE EST OFFERTE !!!<\/strong><\/span><\/p>\n\n\n\n<p class=\"has-medium-font-size\">E2L Coaching est une entreprise agr\u00e9\u00e9e \u00ab\u00a0Services \u00e0 la personne\u00a0\u00bb <a href=\"http:\/\/www.e2lcoaching.com\/index.php\/services-a-la-personne\/\"><strong>(Cf page services \u00e0 la personne)<\/strong><\/a>. Vous pouvez b\u00e9n\u00e9ficier d\u2019une <strong>r\u00e9duction de 50% sur le prix de vos cours de sport \u00e0 domicile.<\/strong><\/p>\n\n\n\n<p class=\"has-medium-font-size\"><\/p>\n\n\n\n<p class=\"has-medium-font-size\">Le montant d&rsquo;une heure de coaching est de 60 euros (avant r\u00e9duction d\u2019imp\u00f4ts) et donc de <strong>30 euros apr\u00e8s r\u00e9duction d\u2019imp\u00f4ts<\/strong>.                                                                                                                                                                              Je me d\u00e9place avec tout le mat\u00e9riel n\u00e9cessaire pour la pratique des activit\u00e9s propos\u00e9es.<\/p>\n\n\n\n<p class=\"has-medium-font-size\">Pour tout autre tarif&nbsp;: s\u00e9ances en groupe&nbsp;; pack plusieurs s\u00e9ances ou menus alimentaires, veuillez <strong><a href=\"http:\/\/www.e2lcoaching.com\/index.php\/contact\/\" data-type=\"page\" data-id=\"47\">me contacter<\/a><\/strong> pour devis.<\/p>\n","protected":false},"excerpt":{"rendered":"<p>LA PREMI\u00c8RE S\u00c9ANCE EST OFFERTE !!! E2L Coaching est une entreprise agr\u00e9\u00e9e \u00ab\u00a0Services \u00e0 la personne\u00a0\u00bb (Cf page services \u00e0 la personne). Vous pouvez b\u00e9n\u00e9ficier d\u2019une r\u00e9duction de 50% sur le prix de vos cours de sport \u00e0 domicile. Le montant d&rsquo;une heure de coaching est de 60 euros (avant r\u00e9duction d\u2019imp\u00f4ts) et donc de [&hellip;]<\/p>\n","protected":false},"author":1,"featured_media":0,"parent":0,"menu_order":0,"comment_status":"closed","ping_status":"closed","template":"","meta":[],"_links":{"self":[{"href":"https:\/\/www.e2lcoaching.com\/index.php\/wp-json\/wp\/v2\/pages\/100"}],"collection":[{"href":"https:\/\/www.e2lcoaching.com\/index.php\/wp-json\/wp\/v2\/pages"}],"about":[{"href":"https:\/\/www.e2lcoaching.com\/index.php\/wp-json\/wp\/v2\/types\/page"}],"author":[{"embeddable":true,"href":"https:\/\/www.e2lcoaching.com\/index.php\/wp-json\/wp\/v2\/users\/1"}],"replies":[{"embeddable":true,"href":"https:\/\/www.e2lcoaching.com\/index.php\/wp-json\/wp\/v2\/comments?post=100"}],"version-history":[{"count":9,"href":"https:\/\/www.e2lcoaching.com\/index.php\/wp-json\/wp\/v2\/pages\/100\/revisions"}],"predecessor-version":[{"id":390,"href":"https:\/\/www.e2lcoaching.com\/index.php\/wp-json\/wp\/v2\/pages\/100\/revisions\/390"}],"wp:attachment":[{"href":"https:\/\/www.e2lcoaching.com\/index.php\/wp-json\/wp\/v2\/media?parent=100"}],"curies":[{"name":"wp","href":"https:\/\/api.w.org\/{rel}","templated":true}]}}