{"id":103,"date":"2020-12-01T14:06:41","date_gmt":"2020-12-01T13:06:41","guid":{"rendered":"http:\/\/www.e2lcoaching.com\/?page_id=103"},"modified":"2021-02-05T17:18:28","modified_gmt":"2021-02-05T16:18:28","slug":"services-a-la-personne","status":"publish","type":"page","link":"https:\/\/www.e2lcoaching.com\/index.php\/services-a-la-personne\/","title":{"rendered":"Services \u00e0 la personne"},"content":{"rendered":"\n<div class=\"wp-block-image\"><figure class=\"alignright size-large\"><img loading=\"lazy\" width=\"301\" height=\"167\" src=\"http:\/\/www.e2lcoaching.com\/wp-content\/uploads\/2020\/12\/Service-a-la-personne.jpg\" alt=\"\" class=\"wp-image-105\"\/><\/figure><\/div>\n\n\n\n<p class=\"has-medium-font-size\">Le service \u00e0 la personne est aujourd\u2019hui le meilleur moyen d\u2019obtenir une aide ext\u00e9rieure personnalis\u00e9e dans des conditions fiscales avantageuses.<\/p>\n\n\n\n<p class=\"has-medium-font-size\">E2L Coaching b\u00e9n\u00e9ficie de l\u2019agr\u00e9ment \u00ab&nbsp;Services \u00e0 la personne&nbsp;\u00bb.<\/p>\n\n\n\n<p class=\"has-medium-font-size\">Gr\u00e2ce \u00e0 l\u2019obtention de cet agr\u00e9ment <strong>(N\u00b0 SAP805191038)<\/strong>, <strong>vous pouvez profiter d\u2019une r\u00e9duction de 50% sur le prix de vos cours de sport \u00e0 domicile.<\/strong><\/p>\n\n\n\n<p class=\"has-medium-font-size\">En effet, vous b\u00e9n\u00e9ficiez en tant que particulier et au titre du recours aux services d\u2019une personne \u00e0 domicile de&nbsp;:<\/p>\n\n\n\n<p class=\"has-medium-font-size\"><strong>50% de r\u00e9duction d\u2019imp\u00f4ts<\/strong> sur les heures de cours effectu\u00e9es \u00e0 domicile si vous \u00eates imposable.<\/p>\n\n\n\n<p class=\"has-medium-font-size\"><strong>50% de cr\u00e9dit d\u2019imp\u00f4ts<\/strong> sur les heures de cours effectu\u00e9es \u00e0 domicile si vous \u00eates non imposable.<\/p>\n\n\n\n<p class=\"has-medium-font-size\">Le b\u00e9n\u00e9fice de cette d\u00e9duction fiscale sera de droit d\u00e8s lors que je vous aurai \u00e9tabli une attestation fiscale mentionnant le montant des sommes vers\u00e9es au titre des cours \u00e0 domicile durant l\u2019ann\u00e9e pr\u00e9c\u00e9dente. Cette attestation vous sera remise au mois de janvier de chaque ann\u00e9e suivant l\u2019ann\u00e9e civile lors de laquelle les cours auront \u00e9t\u00e9 pris.<\/p>\n\n\n\n<p class=\"has-medium-font-size\">Exemple&nbsp;:<\/p>\n\n\n\n<p class=\"has-medium-font-size\">Vous avez pris des cours durant l\u2019ann\u00e9e 2020, l\u2019attestation vous sera remise en janvier 2021.<\/p>\n\n\n\n<p class=\"has-medium-font-size\">Si le montant des cours de sport \u00e0 domicile effectu\u00e9s au titre de l\u2019ann\u00e9e 2020 s\u2019\u00e9l\u00e8ve \u00e0 500 euros, vous aurez droit \u00e0 une r\u00e9duction ou \u00e0 un cr\u00e9dit d\u2019imp\u00f4ts \u00e0 hauteur de 250 euros sur vos imp\u00f4ts de 2021.<\/p>\n\n\n\n<p><\/p>\n","protected":false},"excerpt":{"rendered":"<p>Le service \u00e0 la personne est aujourd\u2019hui le meilleur moyen d\u2019obtenir une aide ext\u00e9rieure personnalis\u00e9e dans des conditions fiscales avantageuses. E2L Coaching b\u00e9n\u00e9ficie de l\u2019agr\u00e9ment \u00ab&nbsp;Services \u00e0 la personne&nbsp;\u00bb. Gr\u00e2ce \u00e0 l\u2019obtention de cet agr\u00e9ment (N\u00b0 SAP805191038), vous pouvez profiter d\u2019une r\u00e9duction de 50% sur le prix de vos cours de sport \u00e0 domicile. En [&hellip;]<\/p>\n","protected":false},"author":1,"featured_media":0,"parent":0,"menu_order":0,"comment_status":"closed","ping_status":"closed","template":"","meta":[],"_links":{"self":[{"href":"https:\/\/www.e2lcoaching.com\/index.php\/wp-json\/wp\/v2\/pages\/103"}],"collection":[{"href":"https:\/\/www.e2lcoaching.com\/index.php\/wp-json\/wp\/v2\/pages"}],"about":[{"href":"https:\/\/www.e2lcoaching.com\/index.php\/wp-json\/wp\/v2\/types\/page"}],"author":[{"embeddable":true,"href":"https:\/\/www.e2lcoaching.com\/index.php\/wp-json\/wp\/v2\/users\/1"}],"replies":[{"embeddable":true,"href":"https:\/\/www.e2lcoaching.com\/index.php\/wp-json\/wp\/v2\/comments?post=103"}],"version-history":[{"count":4,"href":"https:\/\/www.e2lcoaching.com\/index.php\/wp-json\/wp\/v2\/pages\/103\/revisions"}],"predecessor-version":[{"id":393,"href":"https:\/\/www.e2lcoaching.com\/index.php\/wp-json\/wp\/v2\/pages\/103\/revisions\/393"}],"wp:attachment":[{"href":"https:\/\/www.e2lcoaching.com\/index.php\/wp-json\/wp\/v2\/media?parent=103"}],"curies":[{"name":"wp","href":"https:\/\/api.w.org\/{rel}","templated":true}]}}