{"id":177,"date":"2020-12-08T16:06:12","date_gmt":"2020-12-08T15:06:12","guid":{"rendered":"http:\/\/www.e2lcoaching.com\/?page_id=177"},"modified":"2021-02-05T17:43:32","modified_gmt":"2021-02-05T16:43:32","slug":"gym-douce-2","status":"publish","type":"page","link":"https:\/\/www.e2lcoaching.com\/index.php\/gym-douce-2\/","title":{"rendered":"Gym douce"},"content":{"rendered":"\n<div class=\"wp-block-image\"><figure class=\"aligncenter is-resized\"><img loading=\"lazy\" src=\"http:\/\/www.e2lcoaching.com\/wp-content\/uploads\/2020\/12\/GYM-DOUCE.jpg\" alt=\"\" class=\"wp-image-178\" width=\"226\" height=\"301\" srcset=\"https:\/\/www.e2lcoaching.com\/wp-content\/uploads\/2020\/12\/GYM-DOUCE.jpg 480w, https:\/\/www.e2lcoaching.com\/wp-content\/uploads\/2020\/12\/GYM-DOUCE-225x300.jpg 225w\" sizes=\"(max-width: 226px) 100vw, 226px\" \/><\/figure><\/div>\n\n\n\n<p class=\"has-text-align-center has-medium-font-size\">Activit\u00e9 centr\u00e9e sur le stretching (\u00e9tirements) et renforcement musculaire avec charges additionnelles tr\u00e8s l\u00e9g\u00e8res (\u00e9lastiques, swiss-ball)<\/p>\n\n\n\n<p><\/p>\n\n\n\n<p><\/p>\n","protected":false},"excerpt":{"rendered":"<p>Activit\u00e9 centr\u00e9e sur le stretching (\u00e9tirements) et renforcement musculaire avec charges additionnelles tr\u00e8s l\u00e9g\u00e8res (\u00e9lastiques, swiss-ball)<\/p>\n","protected":false},"author":1,"featured_media":0,"parent":0,"menu_order":0,"comment_status":"closed","ping_status":"closed","template":"","meta":[],"_links":{"self":[{"href":"https:\/\/www.e2lcoaching.com\/index.php\/wp-json\/wp\/v2\/pages\/177"}],"collection":[{"href":"https:\/\/www.e2lcoaching.com\/index.php\/wp-json\/wp\/v2\/pages"}],"about":[{"href":"https:\/\/www.e2lcoaching.com\/index.php\/wp-json\/wp\/v2\/types\/page"}],"author":[{"embeddable":true,"href":"https:\/\/www.e2lcoaching.com\/index.php\/wp-json\/wp\/v2\/users\/1"}],"replies":[{"embeddable":true,"href":"https:\/\/www.e2lcoaching.com\/index.php\/wp-json\/wp\/v2\/comments?post=177"}],"version-history":[{"count":11,"href":"https:\/\/www.e2lcoaching.com\/index.php\/wp-json\/wp\/v2\/pages\/177\/revisions"}],"predecessor-version":[{"id":399,"href":"https:\/\/www.e2lcoaching.com\/index.php\/wp-json\/wp\/v2\/pages\/177\/revisions\/399"}],"wp:attachment":[{"href":"https:\/\/www.e2lcoaching.com\/index.php\/wp-json\/wp\/v2\/media?parent=177"}],"curies":[{"name":"wp","href":"https:\/\/api.w.org\/{rel}","templated":true}]}}