{"id":186,"date":"2020-12-08T16:07:35","date_gmt":"2020-12-08T15:07:35","guid":{"rendered":"http:\/\/www.e2lcoaching.com\/?page_id=186"},"modified":"2021-02-05T17:43:59","modified_gmt":"2021-02-05T16:43:59","slug":"gym-poussette-2","status":"publish","type":"page","link":"https:\/\/www.e2lcoaching.com\/index.php\/gym-poussette-2\/","title":{"rendered":"Gym poussette"},"content":{"rendered":"\n<div class=\"wp-block-image\"><figure class=\"alignright size-large is-resized\"><img loading=\"lazy\" src=\"http:\/\/www.e2lcoaching.com\/wp-content\/uploads\/2021\/01\/GYM-POUSSETTE-1024x656.jpeg\" alt=\"\" class=\"wp-image-287\" width=\"416\" height=\"266\" srcset=\"https:\/\/www.e2lcoaching.com\/wp-content\/uploads\/2021\/01\/GYM-POUSSETTE-1024x656.jpeg 1024w, https:\/\/www.e2lcoaching.com\/wp-content\/uploads\/2021\/01\/GYM-POUSSETTE-300x192.jpeg 300w, https:\/\/www.e2lcoaching.com\/wp-content\/uploads\/2021\/01\/GYM-POUSSETTE-768x492.jpeg 768w, https:\/\/www.e2lcoaching.com\/wp-content\/uploads\/2021\/01\/GYM-POUSSETTE.jpeg 1280w\" sizes=\"(max-width: 416px) 100vw, 416px\" \/><\/figure><\/div>\n\n\n\n<p class=\"has-medium-font-size\">S\u00e9ances propos\u00e9es aux mamans qui souhaitent reprendre une activit\u00e9 physique apr\u00e8s accouchement.<\/p>\n\n\n\n<p class=\"has-medium-font-size\">Meilleur moyen pour \u00e0 la fois retrouver la forme et prendre l\u2019air avec le b\u00e9b\u00e9&nbsp;!<\/p>\n\n\n\n<p><\/p>\n","protected":false},"excerpt":{"rendered":"<p>S\u00e9ances propos\u00e9es aux mamans qui souhaitent reprendre une activit\u00e9 physique apr\u00e8s accouchement. Meilleur moyen pour \u00e0 la fois retrouver la forme et prendre l\u2019air avec le b\u00e9b\u00e9&nbsp;!<\/p>\n","protected":false},"author":1,"featured_media":0,"parent":0,"menu_order":0,"comment_status":"closed","ping_status":"closed","template":"","meta":[],"_links":{"self":[{"href":"https:\/\/www.e2lcoaching.com\/index.php\/wp-json\/wp\/v2\/pages\/186"}],"collection":[{"href":"https:\/\/www.e2lcoaching.com\/index.php\/wp-json\/wp\/v2\/pages"}],"about":[{"href":"https:\/\/www.e2lcoaching.com\/index.php\/wp-json\/wp\/v2\/types\/page"}],"author":[{"embeddable":true,"href":"https:\/\/www.e2lcoaching.com\/index.php\/wp-json\/wp\/v2\/users\/1"}],"replies":[{"embeddable":true,"href":"https:\/\/www.e2lcoaching.com\/index.php\/wp-json\/wp\/v2\/comments?post=186"}],"version-history":[{"count":6,"href":"https:\/\/www.e2lcoaching.com\/index.php\/wp-json\/wp\/v2\/pages\/186\/revisions"}],"predecessor-version":[{"id":400,"href":"https:\/\/www.e2lcoaching.com\/index.php\/wp-json\/wp\/v2\/pages\/186\/revisions\/400"}],"wp:attachment":[{"href":"https:\/\/www.e2lcoaching.com\/index.php\/wp-json\/wp\/v2\/media?parent=186"}],"curies":[{"name":"wp","href":"https:\/\/api.w.org\/{rel}","templated":true}]}}