{"id":5,"date":"2020-11-18T16:03:53","date_gmt":"2020-11-18T15:03:53","guid":{"rendered":"http:\/\/www.e2lcoaching.com\/?page_id=5"},"modified":"2021-02-08T16:40:57","modified_gmt":"2021-02-08T15:40:57","slug":"accueil","status":"publish","type":"page","link":"https:\/\/www.e2lcoaching.com\/","title":{"rendered":"Accueil"},"content":{"rendered":"\n<p class=\"has-medium-font-size\">Bienvenue !<\/p>\n\n\n\n<p class=\"has-medium-font-size\">Ancien coach de la PSG Academy, form\u00e9e au CREPS de Ch\u00e2tenay-Malabry, je pratique le m\u00e9tier de coach sportif depuis plus de quinze ans.<\/p>\n\n\n\n<p class=\"has-medium-font-size\">Je vous propose un suivi personnalis\u00e9 avec des s\u00e9ances de coaching priv\u00e9es, \u00e0 domicile ou en plein air, avec diverses activit\u00e9s accessibles \u00e0 tous pour atteindre les objectifs de chacun (cf <a href=\"http:\/\/www.e2lcoaching.com\/index.php\/activites-proposees\/\" data-type=\"page\" data-id=\"53\">Activit\u00e9s propos\u00e9es<\/a>)                                                                                                                                                              <\/p>\n\n\n\n<p class=\"has-medium-font-size\">Le sport c&rsquo;est la sant\u00e9 et un bon capital sant\u00e9 passe par une bonne condition physique.<\/p>\n\n\n\n<p class=\"has-medium-font-size\">Alors, faisons \u00e9quipe pour que votre objectif devienne notre objectif!<\/p>\n\n\n\n<p class=\"has-medium-font-size\">Tassadite<\/p>\n\n\n\n<div class=\"wp-block-image\"><figure class=\"aligncenter size-large is-resized\"><img loading=\"lazy\" src=\"http:\/\/www.e2lcoaching.com\/wp-content\/uploads\/2021\/02\/image0-1.png\" alt=\"\" class=\"wp-image-413\" width=\"301\" height=\"326\" srcset=\"https:\/\/www.e2lcoaching.com\/wp-content\/uploads\/2021\/02\/image0-1.png 750w, https:\/\/www.e2lcoaching.com\/wp-content\/uploads\/2021\/02\/image0-1-276x300.png 276w\" sizes=\"(max-width: 301px) 100vw, 301px\" \/><\/figure><\/div>\n","protected":false},"excerpt":{"rendered":"<p>Bienvenue ! Ancien coach de la PSG Academy, form\u00e9e au CREPS de Ch\u00e2tenay-Malabry, je pratique le m\u00e9tier de coach sportif depuis plus de quinze ans. Je vous propose un suivi personnalis\u00e9 avec des s\u00e9ances de coaching priv\u00e9es, \u00e0 domicile ou en plein air, avec diverses activit\u00e9s accessibles \u00e0 tous pour atteindre les objectifs de chacun [&hellip;]<\/p>\n","protected":false},"author":1,"featured_media":0,"parent":0,"menu_order":0,"comment_status":"closed","ping_status":"closed","template":"","meta":[],"_links":{"self":[{"href":"https:\/\/www.e2lcoaching.com\/index.php\/wp-json\/wp\/v2\/pages\/5"}],"collection":[{"href":"https:\/\/www.e2lcoaching.com\/index.php\/wp-json\/wp\/v2\/pages"}],"about":[{"href":"https:\/\/www.e2lcoaching.com\/index.php\/wp-json\/wp\/v2\/types\/page"}],"author":[{"embeddable":true,"href":"https:\/\/www.e2lcoaching.com\/index.php\/wp-json\/wp\/v2\/users\/1"}],"replies":[{"embeddable":true,"href":"https:\/\/www.e2lcoaching.com\/index.php\/wp-json\/wp\/v2\/comments?post=5"}],"version-history":[{"count":14,"href":"https:\/\/www.e2lcoaching.com\/index.php\/wp-json\/wp\/v2\/pages\/5\/revisions"}],"predecessor-version":[{"id":414,"href":"https:\/\/www.e2lcoaching.com\/index.php\/wp-json\/wp\/v2\/pages\/5\/revisions\/414"}],"wp:attachment":[{"href":"https:\/\/www.e2lcoaching.com\/index.php\/wp-json\/wp\/v2\/media?parent=5"}],"curies":[{"name":"wp","href":"https:\/\/api.w.org\/{rel}","templated":true}]}}