{"id":59,"date":"2020-11-28T16:40:10","date_gmt":"2020-11-28T15:40:10","guid":{"rendered":"http:\/\/www.e2lcoaching.com\/?page_id=59"},"modified":"2021-02-05T17:50:19","modified_gmt":"2021-02-05T16:50:19","slug":"renforcement-musculaire","status":"publish","type":"page","link":"https:\/\/www.e2lcoaching.com\/index.php\/renforcement-musculaire\/","title":{"rendered":"Renforcement musculaire"},"content":{"rendered":"\n<p>&nbsp;&nbsp;&nbsp;&nbsp;&nbsp;&nbsp;&nbsp;&nbsp;&nbsp;&nbsp;&nbsp;&nbsp;&nbsp;&nbsp;&nbsp;&nbsp;&nbsp;&nbsp; <\/p>\n\n\n\n<div class=\"wp-block-image is-style-rounded\"><figure class=\"alignleft size-large is-resized\"><img loading=\"lazy\" src=\"http:\/\/www.e2lcoaching.com\/wp-content\/uploads\/2020\/11\/RENORCEMENT-MUSCULAIRE.jpg\" alt=\"\" class=\"wp-image-60\" width=\"401\" height=\"268\" srcset=\"https:\/\/www.e2lcoaching.com\/wp-content\/uploads\/2020\/11\/RENORCEMENT-MUSCULAIRE.jpg 640w, https:\/\/www.e2lcoaching.com\/wp-content\/uploads\/2020\/11\/RENORCEMENT-MUSCULAIRE-300x200.jpg 300w, https:\/\/www.e2lcoaching.com\/wp-content\/uploads\/2020\/11\/RENORCEMENT-MUSCULAIRE-272x182.jpg 272w\" sizes=\"(max-width: 401px) 100vw, 401px\" \/><\/figure><\/div>\n\n\n\n<p class=\"has-medium-font-size\">Remise en forme, hypertrophie musculaire, pr\u00e9paration physique \u00e0 une activit\u00e9 sp\u00e9cifique.&nbsp;&nbsp;<\/p>\n\n\n\n<p class=\"has-medium-font-size\">Ensemble d\u2019exercices r\u00e9alis\u00e9s \u00e0 l\u2019aide de mat\u00e9riel (halt\u00e8res, barres, lests, \u00e9lastiques, plateau d\u2019\u00e9quilibre, swiss-ball, corde \u00e0 sauter, etc\u2026) visant \u00e0 l\u2019am\u00e9lioration des qualit\u00e9s musculaires.<\/p>\n","protected":false},"excerpt":{"rendered":"<p>&nbsp;&nbsp;&nbsp;&nbsp;&nbsp;&nbsp;&nbsp;&nbsp;&nbsp;&nbsp;&nbsp;&nbsp;&nbsp;&nbsp;&nbsp;&nbsp;&nbsp;&nbsp; Remise en forme, hypertrophie musculaire, pr\u00e9paration physique \u00e0 une activit\u00e9 sp\u00e9cifique.&nbsp;&nbsp; Ensemble d\u2019exercices r\u00e9alis\u00e9s \u00e0 l\u2019aide de mat\u00e9riel (halt\u00e8res, barres, lests, \u00e9lastiques, plateau d\u2019\u00e9quilibre, swiss-ball, corde \u00e0 sauter, etc\u2026) visant \u00e0 l\u2019am\u00e9lioration des qualit\u00e9s musculaires.<\/p>\n","protected":false},"author":1,"featured_media":0,"parent":0,"menu_order":0,"comment_status":"closed","ping_status":"closed","template":"","meta":[],"_links":{"self":[{"href":"https:\/\/www.e2lcoaching.com\/index.php\/wp-json\/wp\/v2\/pages\/59"}],"collection":[{"href":"https:\/\/www.e2lcoaching.com\/index.php\/wp-json\/wp\/v2\/pages"}],"about":[{"href":"https:\/\/www.e2lcoaching.com\/index.php\/wp-json\/wp\/v2\/types\/page"}],"author":[{"embeddable":true,"href":"https:\/\/www.e2lcoaching.com\/index.php\/wp-json\/wp\/v2\/users\/1"}],"replies":[{"embeddable":true,"href":"https:\/\/www.e2lcoaching.com\/index.php\/wp-json\/wp\/v2\/comments?post=59"}],"version-history":[{"count":9,"href":"https:\/\/www.e2lcoaching.com\/index.php\/wp-json\/wp\/v2\/pages\/59\/revisions"}],"predecessor-version":[{"id":403,"href":"https:\/\/www.e2lcoaching.com\/index.php\/wp-json\/wp\/v2\/pages\/59\/revisions\/403"}],"wp:attachment":[{"href":"https:\/\/www.e2lcoaching.com\/index.php\/wp-json\/wp\/v2\/media?parent=59"}],"curies":[{"name":"wp","href":"https:\/\/api.w.org\/{rel}","templated":true}]}}